{"id":646,"date":"2022-01-19T20:21:13","date_gmt":"2022-01-19T20:21:13","guid":{"rendered":"https:\/\/www.sportfreunde-boden.de\/?page_id=646"},"modified":"2022-01-19T20:25:46","modified_gmt":"2022-01-19T20:25:46","slug":"material-infos","status":"publish","type":"page","link":"https:\/\/www.sportfreunde-boden.de\/?page_id=646","title":{"rendered":"Material-Infos"},"content":{"rendered":"\n<p>Prinzipiell findet Ihr im Internet nat\u00fcrlich an vielen Stellen entsprechende Informationen. Als Beispiel hier unten mal eine PDF-Info von dem Online-Handel <a href=\"http:\/\/www.racket-world.de\" target=\"_blank\" rel=\"noopener\">www.racket-world.de<\/a>, wo schon Mitglieder von uns eingekauft haben. In diesem Dokument wird kurz und verst\u00e4ndlich erkl\u00e4rt, welche Saiten-Typen welche Eigenschaft haben und f\u00fcr wen sich was empfiehlt.<\/p>\n<p>Ein Blick k\u00f6nnte sich auf <a href=\"http:\/\/www.badminton-total.com\" target=\"_blank\" rel=\"noopener\">www.badminton-total.com<\/a> lohnen, da dieser Laden in Bonn nicht weit von uns ist und auch regelm\u00e4\u00dfig dort vorbeigefahren wird (Schl\u00e4ger neu besaiten lassen).<\/p>\n<p>\u00a0<\/p>\n\n\n\n<div data-wp-interactive=\"core\/file\" class=\"wp-block-file\"><object data-wp-bind--hidden=\"!state.hasPdfPreview\" hidden class=\"wp-block-file__embed\" data=\"https:\/\/www.sportfreunde-boden.de\/wp-content\/uploads\/2022\/01\/racket-world-de_besaitungsinfo.pdf\" type=\"application\/pdf\" style=\"width:100%;height:600px\" aria-label=\"Einbettung von Einbettung von racket-world-de_besaitungsinfo..\"><\/object><a href=\"https:\/\/www.sportfreunde-boden.de\/wp-content\/uploads\/2022\/01\/racket-world-de_besaitungsinfo.pdf\">racket-world-de_besaitungsinfo<\/a><a href=\"https:\/\/www.sportfreunde-boden.de\/wp-content\/uploads\/2022\/01\/racket-world-de_besaitungsinfo.pdf\" class=\"wp-block-file__button\" download>Herunterladen<\/a><\/div>\n","protected":false},"excerpt":{"rendered":"<p>Prinzipiell findet Ihr im Internet nat\u00fcrlich an vielen Stellen entsprechende Informationen. Als Beispiel hier unten mal eine PDF-Info von dem Online-Handel www.racket-world.de, wo schon Mitglieder von uns eingekauft haben. In diesem Dokument wird kurz und verst\u00e4ndlich erkl\u00e4rt, welche Saiten-Typen welche Eigenschaft haben und f\u00fcr wen sich was empfiehlt. Ein Blick k\u00f6nnte sich auf www.badminton-total.com lohnen, &hellip; <a href=\"https:\/\/www.sportfreunde-boden.de\/?page_id=646\" class=\"more-link\"><span class=\"screen-reader-text\">\u201eMaterial-Infos\u201c <\/span>weiterlesen<\/a><\/p>\n","protected":false},"author":2,"featured_media":0,"parent":0,"menu_order":0,"comment_status":"closed","ping_status":"closed","template":"","meta":{"footnotes":""},"class_list":["post-646","page","type-page","status-publish","hentry"],"post_mailing_queue_ids":[],"_links":{"self":[{"href":"https:\/\/www.sportfreunde-boden.de\/index.php?rest_route=\/wp\/v2\/pages\/646","targetHints":{"allow":["GET"]}}],"collection":[{"href":"https:\/\/www.sportfreunde-boden.de\/index.php?rest_route=\/wp\/v2\/pages"}],"about":[{"href":"https:\/\/www.sportfreunde-boden.de\/index.php?rest_route=\/wp\/v2\/types\/page"}],"author":[{"embeddable":true,"href":"https:\/\/www.sportfreunde-boden.de\/index.php?rest_route=\/wp\/v2\/users\/2"}],"replies":[{"embeddable":true,"href":"https:\/\/www.sportfreunde-boden.de\/index.php?rest_route=%2Fwp%2Fv2%2Fcomments&post=646"}],"version-history":[{"count":3,"href":"https:\/\/www.sportfreunde-boden.de\/index.php?rest_route=\/wp\/v2\/pages\/646\/revisions"}],"predecessor-version":[{"id":651,"href":"https:\/\/www.sportfreunde-boden.de\/index.php?rest_route=\/wp\/v2\/pages\/646\/revisions\/651"}],"wp:attachment":[{"href":"https:\/\/www.sportfreunde-boden.de\/index.php?rest_route=%2Fwp%2Fv2%2Fmedia&parent=646"}],"curies":[{"name":"wp","href":"https:\/\/api.w.org\/{rel}","templated":true}]}}