{"id":6,"date":"2017-10-16T16:02:12","date_gmt":"2017-10-16T16:02:12","guid":{"rendered":"http:\/\/s522701322.online.de\/?page_id=6"},"modified":"2026-01-22T21:24:08","modified_gmt":"2026-01-22T21:24:08","slug":"badminton-abteilung","status":"publish","type":"page","link":"https:\/\/www.sportfreunde-boden.de\/?page_id=6","title":{"rendered":"Badminton"},"content":{"rendered":"<p>Badminton macht wirklich Spa\u00df !!!<br \/>\nKomm doch einfach mal vorbei. Du musst ja nicht schon direkt beim ersten Mal Mitglied werden, wir sind schlie\u00dflich kein Fitness-Club.<\/p>\n<p>Kontakt \/ Anfragen:<br \/>\n<a href=\"&#x6d;&#97;&#x69;&#108;t&#x6f;&#58;b&#x61;&#100;&#x6d;&#x69;n&#x74;&#111;n&#x40;&#115;&#x70;&#x6f;r&#x74;&#102;r&#x65;&#117;n&#x64;&#101;&#x2d;&#98;o&#x64;&#101;n&#x2e;&#100;&#x65;\">&#x62;&#97;&#x64;&#109;i&#x6e;&#116;o&#x6e;&#64;&#x73;&#x70;o&#x72;&#116;f&#x72;&#101;&#x75;&#x6e;d&#x65;&#45;b&#x6f;&#100;e&#x6e;&#46;&#x64;&#101;<\/a> oder einfach anrufen (Volker: 0160-2020289)<\/p>\n<p><strong>Trainingszeiten<\/strong><br \/>\nBadminton-Trainingszeit ist in der Kreissporthalle 1 (Hallenteile B und C = 6 Felder) im <strong>Schulzentrum Montabaur<\/strong>:<br \/>\nDienstags von 18.00 &#8211; 21.30 Uhr (in den Ferien gibt es immer Sonderregelungen durch die Kreisverwaltung, in welchen Wochen die Halle genutzt werden darf &#8211; die entsprechenden Informationen dazu ver\u00f6ffentlichen wir auf dieser Homepage). F\u00fcr interessierte Neulinge: kurz nachfragen, ob an dem Wunschtag des ersten Besuchs auch wirklich Training ist (f\u00e4llt auch schon mal aus wegen Hallensperrungen o.\u00e4.). Testschl\u00e4ger f\u00fcr Neulinge liegen bereit.<\/p>\n<p>Es gibt auch eine WhatsApp-Gruppe, wo sich verabredet wird.<\/p>\n<p>Anreise zu den Hallen:<\/p>\n<ul>\n<li>Montabaur: Die Kreissporthalle 1 ist die Halle, die der Berufsbildenden Schule am n\u00e4chsten ist &#8211; <a href=\"https:\/\/osm.org\/go\/0DfF_Jhux\" target=\"_blank\" rel=\"noopener\">HIER geht es zur OSM &#8211; Karte<\/a><\/li>\n<\/ul>\n<p><strong>WICHTIG f\u00fcr Montabaur in den Ferien: <\/strong><br \/>\nDa man oft nicht mehr ohne Transponderschl\u00fcssel in die Halle kommt w\u00e4hrend der Ferien, k\u00f6nnt ihr gerne auf 02602\/2838 anrufen. Das ist die Nummer in der Halle. Wenns lang genug klingelt h\u00f6rt man das dann auch in der Halle und wir machen dann auf. (wenn schon jemand drin ist).<\/p>\n","protected":false},"excerpt":{"rendered":"<p>Badminton macht wirklich Spa\u00df !!! Komm doch einfach mal vorbei. Du musst ja nicht schon direkt beim ersten Mal Mitglied werden, wir sind schlie\u00dflich kein Fitness-Club. Kontakt \/ Anfragen: &#x62;&#x61;&#x64;&#x6d;&#x69;&#x6e;&#x74;&#x6f;&#110;&#64;&#115;&#112;&#111;&#114;&#116;freu&#x6e;&#x64;&#x65;&#x2d;&#x62;&#x6f;&#x64;&#x65;&#x6e;&#46;&#100;&#101; oder einfach anrufen (Volker: 0160-2020289) Trainingszeiten Badminton-Trainingszeit ist in der Kreissporthalle 1 (Hallenteile B und C = 6 Felder) im Schulzentrum Montabaur: Dienstags von 18.00 &hellip; <a href=\"https:\/\/www.sportfreunde-boden.de\/?page_id=6\" class=\"more-link\"><span class=\"screen-reader-text\">\u201eBadminton\u201c <\/span>weiterlesen<\/a><\/p>\n","protected":false},"author":1,"featured_media":0,"parent":0,"menu_order":0,"comment_status":"closed","ping_status":"closed","template":"","meta":{"footnotes":""},"class_list":["post-6","page","type-page","status-publish","hentry"],"post_mailing_queue_ids":[],"_links":{"self":[{"href":"https:\/\/www.sportfreunde-boden.de\/index.php?rest_route=\/wp\/v2\/pages\/6","targetHints":{"allow":["GET"]}}],"collection":[{"href":"https:\/\/www.sportfreunde-boden.de\/index.php?rest_route=\/wp\/v2\/pages"}],"about":[{"href":"https:\/\/www.sportfreunde-boden.de\/index.php?rest_route=\/wp\/v2\/types\/page"}],"author":[{"embeddable":true,"href":"https:\/\/www.sportfreunde-boden.de\/index.php?rest_route=\/wp\/v2\/users\/1"}],"replies":[{"embeddable":true,"href":"https:\/\/www.sportfreunde-boden.de\/index.php?rest_route=%2Fwp%2Fv2%2Fcomments&post=6"}],"version-history":[{"count":16,"href":"https:\/\/www.sportfreunde-boden.de\/index.php?rest_route=\/wp\/v2\/pages\/6\/revisions"}],"predecessor-version":[{"id":1097,"href":"https:\/\/www.sportfreunde-boden.de\/index.php?rest_route=\/wp\/v2\/pages\/6\/revisions\/1097"}],"wp:attachment":[{"href":"https:\/\/www.sportfreunde-boden.de\/index.php?rest_route=%2Fwp%2Fv2%2Fmedia&parent=6"}],"curies":[{"name":"wp","href":"https:\/\/api.w.org\/{rel}","templated":true}]}}