{"id":4,"date":"2017-10-16T16:01:23","date_gmt":"2017-10-16T16:01:23","guid":{"rendered":"http:\/\/s522701322.online.de\/?page_id=4"},"modified":"2025-11-10T12:06:24","modified_gmt":"2025-11-10T12:06:24","slug":"aufnahmeantrag","status":"publish","type":"page","link":"https:\/\/www.sportfreunde-boden.de\/?page_id=4","title":{"rendered":"Aufnahmeantrag"},"content":{"rendered":"<p><strong>Du m\u00f6chtest Mitglied werden, ganz einfach:<\/strong><br \/><strong> Hier unten das PDF-Dokument runterladen, ausf\u00fcllen, und dem Abteilungsleiter \u00fcbergeben (das PDF-Formular kann am PC ausgef\u00fcllt werden, wenn man es runter l\u00e4dt und mit einem PDF-Reader \u00f6ffnet [das Ausf\u00fcllen direkt im Browser funktioniert in der Regel nicht]).<\/strong><\/p>\n<p><strong>Die Sportfreunde Boden richten Ihren Mitgliedsbeitrag nach den <a href=\"https:\/\/www.sportbund-rheinland.de\/zuschuesse\/allgemeine-foerderbedingungen\" target=\"_blank\" rel=\"noopener noreferrer\">Mindestforderungen des Sportbundes Rheinland<\/a>!<\/strong><\/p>\n<p><strong>Der Mitgliedsbeitrag betr\u00e4gt ab 1.1.2020:<\/strong><br \/><strong>102 Euro \/ Jahr = Familien oder Lebensgemeinschaften (zwei Erwachsene + alle Kinder unter 18)<\/strong><br \/><strong>72 Euro \/ Jahr = Einzelmitgliedschaft ab 18 Jahren<\/strong><br \/><strong> 48 Euro \/ Jahr = Einzelmitgliedschaft f\u00fcr Kinder\/ Jugendliche unter 18 Jahren<\/strong><\/p>\n<p><a href=\"https:\/\/www.sportfreunde-boden.de\/wp-content\/uploads\/2025\/11\/Aufnahmeantrag_SF-Boden_2025-11.pdf\">Aufnahmeantrag_SF-Boden_2025-11<\/a><\/p>\n\n","protected":false},"excerpt":{"rendered":"<p>Du m\u00f6chtest Mitglied werden, ganz einfach: Hier unten das PDF-Dokument runterladen, ausf\u00fcllen, und dem Abteilungsleiter \u00fcbergeben (das PDF-Formular kann am PC ausgef\u00fcllt werden, wenn man es runter l\u00e4dt und mit einem PDF-Reader \u00f6ffnet [das Ausf\u00fcllen direkt im Browser funktioniert in der Regel nicht]). Die Sportfreunde Boden richten Ihren Mitgliedsbeitrag nach den Mindestforderungen des Sportbundes Rheinland! &hellip; <a href=\"https:\/\/www.sportfreunde-boden.de\/?page_id=4\" class=\"more-link\"><span class=\"screen-reader-text\">\u201eAufnahmeantrag\u201c <\/span>weiterlesen<\/a><\/p>\n","protected":false},"author":1,"featured_media":0,"parent":0,"menu_order":0,"comment_status":"closed","ping_status":"closed","template":"","meta":{"footnotes":""},"class_list":["post-4","page","type-page","status-publish","hentry"],"post_mailing_queue_ids":[],"_links":{"self":[{"href":"https:\/\/www.sportfreunde-boden.de\/index.php?rest_route=\/wp\/v2\/pages\/4","targetHints":{"allow":["GET"]}}],"collection":[{"href":"https:\/\/www.sportfreunde-boden.de\/index.php?rest_route=\/wp\/v2\/pages"}],"about":[{"href":"https:\/\/www.sportfreunde-boden.de\/index.php?rest_route=\/wp\/v2\/types\/page"}],"author":[{"embeddable":true,"href":"https:\/\/www.sportfreunde-boden.de\/index.php?rest_route=\/wp\/v2\/users\/1"}],"replies":[{"embeddable":true,"href":"https:\/\/www.sportfreunde-boden.de\/index.php?rest_route=%2Fwp%2Fv2%2Fcomments&post=4"}],"version-history":[{"count":11,"href":"https:\/\/www.sportfreunde-boden.de\/index.php?rest_route=\/wp\/v2\/pages\/4\/revisions"}],"predecessor-version":[{"id":1054,"href":"https:\/\/www.sportfreunde-boden.de\/index.php?rest_route=\/wp\/v2\/pages\/4\/revisions\/1054"}],"wp:attachment":[{"href":"https:\/\/www.sportfreunde-boden.de\/index.php?rest_route=%2Fwp%2Fv2%2Fmedia&parent=4"}],"curies":[{"name":"wp","href":"https:\/\/api.w.org\/{rel}","templated":true}]}}