{"id":116,"date":"2017-10-19T17:13:33","date_gmt":"2017-10-19T17:13:33","guid":{"rendered":"http:\/\/s522701322.online.de\/?page_id=116"},"modified":"2017-10-23T13:45:24","modified_gmt":"2017-10-23T13:45:24","slug":"infomail-newsletter","status":"publish","type":"page","link":"https:\/\/www.sportfreunde-boden.de\/?page_id=116","title":{"rendered":"Infomail \/ Newsletter"},"content":{"rendered":"<p>Wir bieten die M\u00f6glichkeit, bei jeder Neuver\u00f6ffentlichung eines Beitrages per Email dar\u00fcber informiert zu werden. So bekommt Ihr aktuelle Hallensperrungen oder \u00e4hnliches direkt mitgeteilt.<\/p>\n<p>Wer dies m\u00f6chte, tr\u00e4gt bitte unten seinen Namen und seine Email-Adresse ein und klickt auf den Knopf &#8222;Anmelden&#8220;. Man bekommt dann ein Email, in dem man eine Best\u00e4tigung anklicken muss und ab dann funktioniert das Ganze. In jedem Mail, dass man danach bekommt, kann man \u00fcber einen Link den Newsletter nat\u00fcrlich auch wieder abbestellen.<\/p>\n<p><strong><div class=\"emaillist\" id=\"es_form_f0-n1\"><form action=\"\/index.php?rest_route=%2Fwp%2Fv2%2Fpages%2F116#es_form_f0-n1\" method=\"post\" class=\"es_subscription_form es_shortcode_form  es_ajax_subscription_form\" id=\"es_subscription_form_69f57f16b094b\" data-source=\"ig-es\" data-form-id=\"0\"><div class=\"es-field-wrap\"><label>Name<br \/><input type=\"text\" name=\"esfpx_name\" class=\"ig_es_form_field_name\" placeholder=\"\" value=\"\" \/><\/label><\/div><div class=\"es-field-wrap ig-es-form-field\"><label class=\"es-field-label\">E-Mail*<br \/><input class=\"es_required_field es_txt_email ig_es_form_field_email ig-es-form-input\" type=\"email\" name=\"esfpx_email\" value=\"\" placeholder=\"\" required=\"required\" \/><\/label><\/div><input type=\"hidden\" name=\"esfpx_lists[]\" value=\"804ab4c884e8\" \/><input type=\"hidden\" name=\"esfpx_form_id\" value=\"0\" \/><input type=\"hidden\" name=\"es\" value=\"subscribe\" \/>\n\t\t\t<input type=\"hidden\" name=\"esfpx_es_form_identifier\" value=\"f0-n1\" \/>\n\t\t\t<input type=\"hidden\" name=\"esfpx_es_email_page\" value=\"116\" \/>\n\t\t\t<input type=\"hidden\" name=\"esfpx_es_email_page_url\" value=\"https:\/\/www.sportfreunde-boden.de\/?page_id=116\" \/>\n\t\t\t<input type=\"hidden\" name=\"esfpx_status\" value=\"Unconfirmed\" \/>\n\t\t\t<input type=\"hidden\" name=\"esfpx_es-subscribe\" id=\"es-subscribe-69f57f16b094b\" value=\"59bfbf1fd8\" \/>\n\t\t\t<label style=\"position:absolute;top:-99999px;left:-99999px;z-index:-99;\" aria-hidden=\"true\"><span hidden>Bitte lasse dieses Feld leer.<\/span><input type=\"email\" name=\"esfpx_es_hp_email\" class=\"es_required_field\" tabindex=\"-1\" autocomplete=\"-1\" value=\"\" \/><\/label><input type=\"submit\" name=\"submit\" class=\"es_subscription_form_submit es_submit_button es_textbox_button\" id=\"es_subscription_form_submit_69f57f16b094b\" value=\"Abonnieren\" \/><span class=\"es_spinner_image\" id=\"spinner-image\"><img decoding=\"async\" src=\"https:\/\/www.sportfreunde-boden.de\/wp-content\/plugins\/email-subscribers\/lite\/public\/images\/spinner.gif\" alt=\"Loading\" \/><\/span><\/form><span class=\"es_subscription_message \" id=\"es_subscription_message_69f57f16b094b\" role=\"alert\" aria-live=\"assertive\"><\/span><\/div><\/strong><\/p>\n","protected":false},"excerpt":{"rendered":"<p>Wir bieten die M\u00f6glichkeit, bei jeder Neuver\u00f6ffentlichung eines Beitrages per Email dar\u00fcber informiert zu werden. So bekommt Ihr aktuelle Hallensperrungen oder \u00e4hnliches direkt mitgeteilt. Wer dies m\u00f6chte, tr\u00e4gt bitte unten seinen Namen und seine Email-Adresse ein und klickt auf den Knopf &#8222;Anmelden&#8220;. Man bekommt dann ein Email, in dem man eine Best\u00e4tigung anklicken muss und &hellip; <a href=\"https:\/\/www.sportfreunde-boden.de\/?page_id=116\" class=\"more-link\"><span class=\"screen-reader-text\">\u201eInfomail \/ Newsletter\u201c <\/span>weiterlesen<\/a><\/p>\n","protected":false},"author":1,"featured_media":0,"parent":0,"menu_order":0,"comment_status":"closed","ping_status":"closed","template":"","meta":{"footnotes":""},"class_list":["post-116","page","type-page","status-publish","hentry"],"post_mailing_queue_ids":[],"_links":{"self":[{"href":"https:\/\/www.sportfreunde-boden.de\/index.php?rest_route=\/wp\/v2\/pages\/116","targetHints":{"allow":["GET"]}}],"collection":[{"href":"https:\/\/www.sportfreunde-boden.de\/index.php?rest_route=\/wp\/v2\/pages"}],"about":[{"href":"https:\/\/www.sportfreunde-boden.de\/index.php?rest_route=\/wp\/v2\/types\/page"}],"author":[{"embeddable":true,"href":"https:\/\/www.sportfreunde-boden.de\/index.php?rest_route=\/wp\/v2\/users\/1"}],"replies":[{"embeddable":true,"href":"https:\/\/www.sportfreunde-boden.de\/index.php?rest_route=%2Fwp%2Fv2%2Fcomments&post=116"}],"version-history":[{"count":3,"href":"https:\/\/www.sportfreunde-boden.de\/index.php?rest_route=\/wp\/v2\/pages\/116\/revisions"}],"predecessor-version":[{"id":183,"href":"https:\/\/www.sportfreunde-boden.de\/index.php?rest_route=\/wp\/v2\/pages\/116\/revisions\/183"}],"wp:attachment":[{"href":"https:\/\/www.sportfreunde-boden.de\/index.php?rest_route=%2Fwp%2Fv2%2Fmedia&parent=116"}],"curies":[{"name":"wp","href":"https:\/\/api.w.org\/{rel}","templated":true}]}}